{"id":6778,"date":"2021-03-25T09:34:57","date_gmt":"2021-03-25T09:34:57","guid":{"rendered":"https:\/\/builtcolab.pt\/techonbuilt-podcast\/"},"modified":"2021-04-01T16:13:39","modified_gmt":"2021-04-01T15:13:39","slug":"techonbuilt-podcast","status":"publish","type":"page","link":"https:\/\/builtcolab.pt\/en\/techonbuilt-podcast\/","title":{"rendered":"TechOnBuilt Podcast"},"content":{"rendered":"\t\t<div data-elementor-type=\"wp-page\" data-elementor-id=\"6778\" class=\"elementor elementor-6778 elementor-6591\" data-elementor-post-type=\"page\">\n\t\t\t\t\t\t<section class=\"elementor-section elementor-top-section elementor-element elementor-element-76b1a27 elementor-section-height-min-height elementor-section-boxed elementor-section-height-default elementor-section-items-middle\" data-id=\"76b1a27\" data-element_type=\"section\" data-settings=\"{&quot;background_background&quot;:&quot;classic&quot;,&quot;background_motion_fx_motion_fx_scrolling&quot;:&quot;yes&quot;,&quot;background_motion_fx_translateY_effect&quot;:&quot;yes&quot;,&quot;background_motion_fx_translateY_direction&quot;:&quot;negative&quot;,&quot;background_motion_fx_translateY_speed&quot;:{&quot;unit&quot;:&quot;px&quot;,&quot;size&quot;:3,&quot;sizes&quot;:[]},&quot;background_motion_fx_devices&quot;:[&quot;desktop&quot;],&quot;background_motion_fx_translateY_affectedRange&quot;:{&quot;unit&quot;:&quot;%&quot;,&quot;size&quot;:&quot;&quot;,&quot;sizes&quot;:{&quot;start&quot;:0,&quot;end&quot;:100}}}\">\n\t\t\t\t\t\t<div class=\"elementor-container elementor-column-gap-no\">\n\t\t\t\t\t<div class=\"elementor-column elementor-col-100 elementor-top-column elementor-element elementor-element-5d3d4e1\" data-id=\"5d3d4e1\" data-element_type=\"column\">\n\t\t\t<div class=\"elementor-widget-wrap elementor-element-populated\">\n\t\t\t\t\t\t<div class=\"elementor-element elementor-element-2241891 elementor-widget elementor-widget-heading\" data-id=\"2241891\" data-element_type=\"widget\" data-widget_type=\"heading.default\">\n\t\t\t\t<div class=\"elementor-widget-container\">\n\t\t\t<h1 class=\"elementor-heading-title elementor-size-default\">TechOnBuilt Podcast<\/h1>\t\t<\/div>\n\t\t\t\t<\/div>\n\t\t\t\t<div class=\"elementor-element elementor-element-279f772 elementor-widget elementor-widget-heading\" data-id=\"279f772\" data-element_type=\"widget\" data-widget_type=\"heading.default\">\n\t\t\t\t<div class=\"elementor-widget-container\">\n\t\t\t<h3 class=\"elementor-heading-title elementor-size-default\">The Podcast for the Digital Transition in the Construction <\/h3>\t\t<\/div>\n\t\t\t\t<\/div>\n\t\t\t\t\t<\/div>\n\t\t<\/div>\n\t\t\t\t\t<\/div>\n\t\t<\/section>\n\t\t\t\t<section class=\"elementor-section elementor-top-section elementor-element elementor-element-c5fb5d4 elementor-section-boxed elementor-section-height-default elementor-section-height-default\" data-id=\"c5fb5d4\" data-element_type=\"section\">\n\t\t\t\t\t\t<div class=\"elementor-container elementor-column-gap-no\">\n\t\t\t\t\t<div class=\"elementor-column elementor-col-100 elementor-top-column elementor-element elementor-element-2ae4027d\" data-id=\"2ae4027d\" data-element_type=\"column\">\n\t\t\t<div class=\"elementor-widget-wrap elementor-element-populated\">\n\t\t\t\t\t\t<section class=\"elementor-section elementor-inner-section elementor-element elementor-element-8b4bbf9 elementor-section-boxed elementor-section-height-default elementor-section-height-default\" data-id=\"8b4bbf9\" data-element_type=\"section\">\n\t\t\t\t\t\t<div class=\"elementor-container elementor-column-gap-default\">\n\t\t\t\t\t<div class=\"elementor-column elementor-col-100 elementor-inner-column elementor-element elementor-element-b39c7c8\" data-id=\"b39c7c8\" data-element_type=\"column\">\n\t\t\t<div class=\"elementor-widget-wrap elementor-element-populated\">\n\t\t\t\t\t\t<div class=\"elementor-element elementor-element-c81f9d3 elementor-widget elementor-widget-heading\" data-id=\"c81f9d3\" data-element_type=\"widget\" data-widget_type=\"heading.default\">\n\t\t\t\t<div class=\"elementor-widget-container\">\n\t\t\t<h2 class=\"elementor-heading-title elementor-size-default\">Episode 3 - Horizonte Europa - Um caminho para a Inova\u00e7\u00e3o no Setor AEC<\/h2>\t\t<\/div>\n\t\t\t\t<\/div>\n\t\t\t\t<div class=\"elementor-element elementor-element-438dfe4 elementor-widget elementor-widget-text-editor\" data-id=\"438dfe4\" data-element_type=\"widget\" data-widget_type=\"text-editor.default\">\n\t\t\t\t<div class=\"elementor-widget-container\">\n\t\t\t\t\t\t\t<p>O Horizonte Europa \u00e9 o novo programa-quadro de investiga\u00e7\u00e3o e inova\u00e7\u00e3o da Comiss\u00e3o Europeia. O Setor AEC tem aqui uma oportunidade para apostar em inova\u00e7\u00e3o com um instrumento de financiamento muito atrativo e com a possibilidade de emparceirar com o que de melhor se faz por toda a Europa e at\u00e9 no Mundo. Uma oportunidade a n\u00e3o perder!<\/p>\n<p>Neste terceiro epis\u00f3dio cont\u00e1mos com a presen\u00e7a de Lu\u00eds Maia, Ponto de Contacto Nacional da <a href=\"https:\/\/www.ani.pt\/pt\/\" target=\"_blank\" rel=\"noopener\">ANI<\/a> do Horizonte Europa para o Cluster 5 &#8220;Climate, Energy and Mobility&#8221; que nos explica como esta oportunidade de financiamento pode ajudar as nossas empresas a encontrar o caminho da inova\u00e7\u00e3o.<\/p>\n<p><span style=\"font-family: var( --e-global-typography-text-font-family ), Sans-serif; font-size: var( --e-global-typography-text-font-size ); font-weight: var( --e-global-typography-text-font-weight ); letter-spacing: var( --e-global-typography-text-letter-spacing );\">Pode tamb\u00e9m ouvir este Podcast nas plataformas <a href=\"https:\/\/open.spotify.com\/show\/3wXQhKOXX4u9719r6XjlJR\" target=\"_blank\" rel=\"noopener\">Spotify<\/a>, <a href=\"https:\/\/podcasts.apple.com\/pt\/podcast\/techonbuilt\/id1551243879?i=1000510615838\" target=\"_blank\" rel=\"noopener\">Apple<\/a> e <a href=\"https:\/\/techonbuilt.podbean.com\/\" target=\"_blank\" rel=\"noopener\">PodBean<\/a>.<\/span><\/p>\n\t\t\t\t\t\t<\/div>\n\t\t\t\t<\/div>\n\t\t\t\t<div class=\"elementor-element elementor-element-97eb480 elementor-widget elementor-widget-video\" data-id=\"97eb480\" data-element_type=\"widget\" data-settings=\"{&quot;youtube_url&quot;:&quot;https:\\\/\\\/youtu.be\\\/V1os82Rd79Q&quot;,&quot;video_type&quot;:&quot;youtube&quot;,&quot;controls&quot;:&quot;yes&quot;}\" data-widget_type=\"video.default\">\n\t\t\t\t<div class=\"elementor-widget-container\">\n\t\t\t\t\t<div class=\"elementor-wrapper elementor-open-inline\">\n\t\t\t<div class=\"elementor-video\"><\/div>\t\t<\/div>\n\t\t\t\t<\/div>\n\t\t\t\t<\/div>\n\t\t\t\t\t<\/div>\n\t\t<\/div>\n\t\t\t\t\t<\/div>\n\t\t<\/section>\n\t\t\t\t<section class=\"elementor-section elementor-inner-section elementor-element elementor-element-3f868ea elementor-section-boxed elementor-section-height-default elementor-section-height-default\" data-id=\"3f868ea\" data-element_type=\"section\">\n\t\t\t\t\t\t<div class=\"elementor-container elementor-column-gap-default\">\n\t\t\t\t\t<div class=\"elementor-column elementor-col-100 elementor-inner-column elementor-element elementor-element-d386042\" data-id=\"d386042\" data-element_type=\"column\">\n\t\t\t<div class=\"elementor-widget-wrap elementor-element-populated\">\n\t\t\t\t\t\t<div class=\"elementor-element elementor-element-61791d8 elementor-widget-divider--view-line elementor-widget elementor-widget-divider\" data-id=\"61791d8\" data-element_type=\"widget\" data-widget_type=\"divider.default\">\n\t\t\t\t<div class=\"elementor-widget-container\">\n\t\t\t\t\t<div class=\"elementor-divider\">\n\t\t\t<span class=\"elementor-divider-separator\">\n\t\t\t\t\t\t<\/span>\n\t\t<\/div>\n\t\t\t\t<\/div>\n\t\t\t\t<\/div>\n\t\t\t\t<div class=\"elementor-element elementor-element-95e018f elementor-widget elementor-widget-heading\" data-id=\"95e018f\" data-element_type=\"widget\" data-widget_type=\"heading.default\">\n\t\t\t\t<div class=\"elementor-widget-container\">\n\t\t\t<h2 class=\"elementor-heading-title elementor-size-default\">Episode 2 - BIM, muito mais que uma buzzword.<\/h2>\t\t<\/div>\n\t\t\t\t<\/div>\n\t\t\t\t<div class=\"elementor-element elementor-element-543bf62 elementor-widget elementor-widget-text-editor\" data-id=\"543bf62\" data-element_type=\"widget\" data-widget_type=\"text-editor.default\">\n\t\t\t\t<div class=\"elementor-widget-container\">\n\t\t\t\t\t\t\t<p>O Building Information Modeling \u00e9 uma metodologia avan\u00e7ada de trabalho que ajuda arquitetos, engenheiros e profiss\u00f5es de constru\u00e7\u00e3o no planeamento, conce\u00e7\u00e3o, constru\u00e7\u00e3o e gest\u00e3o do desenvolvimento e constru\u00e7\u00e3o de infraestruturas. Esta forma de trabalhar integra os cinco principais aspetos de um projeto para garantir a m\u00e1xima efic\u00e1cia ao longo de todo o processo: Informa\u00e7\u00e3o, Tecnologia, Pessoas, Processos e Pol\u00edticas. Ao contr\u00e1rio do que algumas pessoas pensam, o BIM n\u00e3o \u00e9 uma aplica\u00e7\u00e3o ou software para produzir modelos 3D de infraestrutura, mas sim uma metodologia para dispor de modelos 3D, 4D, 5D e at\u00e9 mesmo 6D: tempo, custos, opera\u00e7\u00f5es entre outras coisas. Usar ou n\u00e3o BIM vai muito rapidamente deixar de ser uma op\u00e7\u00e3o, para se tornar numa necessidade.<\/p>\n<p>Neste segundo epis\u00f3dio cont\u00e1mos com a presen\u00e7a de Miguel Pires, Diretor T\u00e9cnico do <a href=\"https:\/\/www.casais.pt\/pt\/\" target=\"_blank\" rel=\"noopener\">Grupo Casais<\/a>, que nos falou da utiliza\u00e7\u00e3o de metodologias BIM, uma \u201cconversa\u201d conduzida por Ant\u00f3nio Aguiar Costa, Diretor de Investiga\u00e7\u00e3o e Desenvolvimento do <a href=\"https:\/\/builtcolab.pt\/en\/\">BUILT CoLAB<\/a>.<\/p>\n<p><span style=\"font-family: var( --e-global-typography-text-font-family ), Sans-serif; font-size: var( --e-global-typography-text-font-size ); font-weight: var( --e-global-typography-text-font-weight ); letter-spacing: var( --e-global-typography-text-letter-spacing );\">Pode tamb\u00e9m ouvir este Podcast nas plataformas <a href=\"https:\/\/podcasts.apple.com\/pt\/podcast\/techonbuilt\/id1551243879?i=1000510615838\" target=\"_blank\" rel=\"noopener\">Apple<\/a> e <a href=\"https:\/\/techonbuilt.podbean.com\/\" target=\"_blank\" rel=\"noopener\">PodBean<\/a>.<\/span><\/p>\n\t\t\t\t\t\t<\/div>\n\t\t\t\t<\/div>\n\t\t\t\t<div class=\"elementor-element elementor-element-975b96a elementor-widget elementor-widget-video\" data-id=\"975b96a\" data-element_type=\"widget\" data-settings=\"{&quot;youtube_url&quot;:&quot;https:\\\/\\\/youtu.be\\\/fHaUBW0ccM0&quot;,&quot;video_type&quot;:&quot;youtube&quot;,&quot;controls&quot;:&quot;yes&quot;}\" data-widget_type=\"video.default\">\n\t\t\t\t<div class=\"elementor-widget-container\">\n\t\t\t\t\t<div class=\"elementor-wrapper elementor-open-inline\">\n\t\t\t<div class=\"elementor-video\"><\/div>\t\t<\/div>\n\t\t\t\t<\/div>\n\t\t\t\t<\/div>\n\t\t\t\t\t<\/div>\n\t\t<\/div>\n\t\t\t\t\t<\/div>\n\t\t<\/section>\n\t\t\t\t<section class=\"elementor-section elementor-inner-section elementor-element elementor-element-f33ba7d elementor-section-boxed elementor-section-height-default elementor-section-height-default\" data-id=\"f33ba7d\" data-element_type=\"section\">\n\t\t\t\t\t\t<div class=\"elementor-container elementor-column-gap-default\">\n\t\t\t\t\t<div class=\"elementor-column elementor-col-100 elementor-inner-column elementor-element elementor-element-d4cbdd6\" data-id=\"d4cbdd6\" data-element_type=\"column\">\n\t\t\t<div class=\"elementor-widget-wrap elementor-element-populated\">\n\t\t\t\t\t\t<div class=\"elementor-element elementor-element-0a106f1 elementor-widget-divider--view-line elementor-widget elementor-widget-divider\" data-id=\"0a106f1\" data-element_type=\"widget\" data-widget_type=\"divider.default\">\n\t\t\t\t<div class=\"elementor-widget-container\">\n\t\t\t\t\t<div class=\"elementor-divider\">\n\t\t\t<span class=\"elementor-divider-separator\">\n\t\t\t\t\t\t<\/span>\n\t\t<\/div>\n\t\t\t\t<\/div>\n\t\t\t\t<\/div>\n\t\t\t\t<div class=\"elementor-element elementor-element-a5293b0 elementor-widget elementor-widget-heading\" data-id=\"a5293b0\" data-element_type=\"widget\" data-widget_type=\"heading.default\">\n\t\t\t\t<div class=\"elementor-widget-container\">\n\t\t\t<h2 class=\"elementor-heading-title elementor-size-default\">Episode 1 - A Transi\u00e7\u00e3o Digital na Constru\u00e7\u00e3o<\/h2>\t\t<\/div>\n\t\t\t\t<\/div>\n\t\t\t\t<div class=\"elementor-element elementor-element-6f80643 elementor-widget elementor-widget-text-editor\" data-id=\"6f80643\" data-element_type=\"widget\" data-widget_type=\"text-editor.default\">\n\t\t\t\t<div class=\"elementor-widget-container\">\n\t\t\t\t\t\t\t<p>A constru\u00e7\u00e3o est\u00e1 muitas vezes associada \u00e0 imagem de um setor conservador e pouco digital. Mesmo assim, os dados recentes demonstram que este setor \u00e9 um dos mais resilientes e promissores. Apesar da crise pand\u00e9mica, registou um crescimento de 2,5% do valor bruto de produ\u00e7\u00e3o em 2020.<\/p>\n<p>Mas com a conjuntura atual essa realidade poder\u00e1, no entanto, mudar. Imp\u00f5e-se, por isso, a Digitaliza\u00e7\u00e3o.<\/p>\n<p>Neste primeiro epis\u00f3dio do TechOnBUILT vamos falar sobre a Transi\u00e7\u00e3o Digital no setor AEC. Onde estamos e para onde vamos? Que desafios temos pela frente? Para nos ajudar a responder a estas quest\u00f5es teremos connosco Rita Moura, Presidente da <a href=\"https:\/\/www.ptpc.pt\/index.php\/pt\/\" target=\"_blank\" rel=\"noopener\">PTPC e do Cluster AEC<\/a>, com a moderea\u00e7\u00e3o de Paulo Fonseca, Diretor Executivo do <a href=\"https:\/\/builtcolab.pt\/en\/\">BUILT CoLAB<\/a>.<\/p>\n\t\t\t\t\t\t<\/div>\n\t\t\t\t<\/div>\n\t\t\t\t<div class=\"elementor-element elementor-element-0cd7038 elementor-widget elementor-widget-video\" data-id=\"0cd7038\" data-element_type=\"widget\" data-settings=\"{&quot;youtube_url&quot;:&quot;https:\\\/\\\/youtu.be\\\/pvY0VlCkZtc&quot;,&quot;video_type&quot;:&quot;youtube&quot;,&quot;controls&quot;:&quot;yes&quot;}\" data-widget_type=\"video.default\">\n\t\t\t\t<div class=\"elementor-widget-container\">\n\t\t\t\t\t<div class=\"elementor-wrapper elementor-open-inline\">\n\t\t\t<div class=\"elementor-video\"><\/div>\t\t<\/div>\n\t\t\t\t<\/div>\n\t\t\t\t<\/div>\n\t\t\t\t\t<\/div>\n\t\t<\/div>\n\t\t\t\t\t<\/div>\n\t\t<\/section>\n\t\t\t\t\t<\/div>\n\t\t<\/div>\n\t\t\t\t\t<\/div>\n\t\t<\/section>\n\t\t\t\t<\/div>\n\t\t","protected":false},"excerpt":{"rendered":"<p>The Podcast for the Digital Transition in the Construction Episode 3 &#8211; Horizonte Europa &#8211; Um caminho para a Inova\u00e7\u00e3o no Setor AEC O Horizonte Europa \u00e9 o novo programa-quadro de investiga\u00e7\u00e3o e inova\u00e7\u00e3o da Comiss\u00e3o Europeia. O Setor AEC tem aqui uma oportunidade para apostar em inova\u00e7\u00e3o com um instrumento de financiamento muito atrativo [&hellip;]<\/p>\n","protected":false},"author":3,"featured_media":6669,"parent":0,"menu_order":0,"comment_status":"closed","ping_status":"closed","template":"","meta":{"footnotes":""},"_links":{"self":[{"href":"https:\/\/builtcolab.pt\/en\/wp-json\/wp\/v2\/pages\/6778"}],"collection":[{"href":"https:\/\/builtcolab.pt\/en\/wp-json\/wp\/v2\/pages"}],"about":[{"href":"https:\/\/builtcolab.pt\/en\/wp-json\/wp\/v2\/types\/page"}],"author":[{"embeddable":true,"href":"https:\/\/builtcolab.pt\/en\/wp-json\/wp\/v2\/users\/3"}],"replies":[{"embeddable":true,"href":"https:\/\/builtcolab.pt\/en\/wp-json\/wp\/v2\/comments?post=6778"}],"version-history":[{"count":3,"href":"https:\/\/builtcolab.pt\/en\/wp-json\/wp\/v2\/pages\/6778\/revisions"}],"predecessor-version":[{"id":6784,"href":"https:\/\/builtcolab.pt\/en\/wp-json\/wp\/v2\/pages\/6778\/revisions\/6784"}],"wp:featuredmedia":[{"embeddable":true,"href":"https:\/\/builtcolab.pt\/en\/wp-json\/wp\/v2\/media\/6669"}],"wp:attachment":[{"href":"https:\/\/builtcolab.pt\/en\/wp-json\/wp\/v2\/media?parent=6778"}],"curies":[{"name":"wp","href":"https:\/\/api.w.org\/{rel}","templated":true}]}}